{"id":6639,"date":"2024-05-30T11:08:50","date_gmt":"2024-05-30T09:08:50","guid":{"rendered":"https:\/\/alia.public.lu\/missions\/tribunes-libres\/"},"modified":"2026-01-27T15:10:35","modified_gmt":"2026-01-27T13:10:35","slug":"tribunes-libres","status":"publish","type":"page","link":"https:\/\/alia.public.lu\/en\/missions\/tribunes-libres\/","title":{"rendered":"Free forums \/ Tribunes libres"},"content":{"rendered":"<div class=\"flex flex-col gap-y-4 \">\n<div class=\"text\">\n<p>Traditionnellement, les partis politiques et les groupements de candidats (ci-apr\u00e8s appel\u00e9s \u00ab les partis \u00bb) b\u00e9n\u00e9ficient au Luxembourg d\u2019un temps d\u2019antenne gratuit dans les m\u00e9dias charg\u00e9s d\u2019une mission de service public, pendant les \u00e9lections, et en dehors des p\u00e9riodes \u00e9lectorales.<\/p>\n<p>La loi du 22 juillet 2022 portant modification de la loi modifi\u00e9e du 27 juillet 1991 sur les m\u00e9dias \u00e9lectroniques\u00a0attribue deux nouvelles missions \u00e0 l\u2019ALIA :<\/p>\n<ol>\n<li><strong>EN DEHORS DES P\u00c9RIODES \u00c9LECTORALES<\/strong><br \/>\nL\u2019organisation des \u00e9missions d\u2019information politique \u00ab tribunes libres \u00bb r\u00e9serv\u00e9es aux partis, diffus\u00e9es par les m\u00e9dias charg\u00e9s d\u2019une mission de service public en dehors de toute campagne \u00e9lectorale.<\/li>\n<li><strong>PENDANT LES P\u00c9RIODES \u00c9LECTORALES<br \/>\n<\/strong>L\u2019organisation de campagnes \u00e9lectorales m\u00e9diatiques diffus\u00e9es \u00e0 travers les m\u00e9dias charg\u00e9s d\u2019une mission de service public dans le cadre des \u00e9lections communales, l\u00e9gislatives et europ\u00e9ennes.<\/li>\n<\/ol>\n<\/div>\n<\/div>\n<div class=\"flex flex-col gap-y-4 \">\n<h3 class=\"heading md slab my \">En dehors des p\u00e9riodes \u00e9lectorales<\/h3>\n<div class=\"text\">\n<p>En dehors des p\u00e9riodes \u00e9lectorales, un temps d\u2019antenne gratuit est mis \u00e0 disposition des partis.<\/p>\n<p>Actuellement ce temps d\u2019antenne prend la forme d\u2019\u00e9missions d\u2019information politique, appel\u00e9es \u00ab tribunes libres \u00bb, diffus\u00e9es les lundis, peu apr\u00e8s 13 h 00, sur RTL Radio L\u00ebtzebuerg et les mercredis \u00e0 12 h 50 sur les ondes de Radio 100,7.<\/p>\n<p>Des principes directeurs d\u00e9terminant la r\u00e9partition du temps de parole entre les diff\u00e9rents partis sont \u00e9labor\u00e9s par l\u2019ALIA. Actuellement, le temps d\u2019antenne allou\u00e9 par parti est recalcul\u00e9, apr\u00e8s chaque \u00e9lection l\u00e9gislative, sur base des si\u00e8ges obtenus \u00e0 la Chambre des d\u00e9put\u00e9s.<\/p>\n<\/div>\n<\/div>\n","protected":false},"excerpt":{"rendered":"<p>Traditionnellement, les partis politiques et les groupements de candidats (ci-apr\u00e8s appel\u00e9s \u00ab les partis \u00bb) b\u00e9n\u00e9ficient au Luxembourg d\u2019un temps d\u2019antenne gratuit dans les m\u00e9dias charg\u00e9s d\u2019une mission de service public, pendant les \u00e9lections, et en dehors des p\u00e9riodes \u00e9lectorales. La loi du 22 juillet 2022 portant modification de la loi modifi\u00e9e du 27 juillet [&hellip;]<\/p>\n","protected":false},"author":30,"featured_media":0,"parent":5696,"menu_order":0,"comment_status":"closed","ping_status":"closed","template":"page-generic.php","meta":{"_acf_changed":false,"inline_featured_image":false,"footnotes":""},"class_list":["post-6639","page","type-page","status-publish","hentry"],"acf":[],"_links":{"self":[{"href":"https:\/\/alia.public.lu\/en\/wp-json\/wp\/v2\/pages\/6639","targetHints":{"allow":["GET"]}}],"collection":[{"href":"https:\/\/alia.public.lu\/en\/wp-json\/wp\/v2\/pages"}],"about":[{"href":"https:\/\/alia.public.lu\/en\/wp-json\/wp\/v2\/types\/page"}],"author":[{"embeddable":true,"href":"https:\/\/alia.public.lu\/en\/wp-json\/wp\/v2\/users\/30"}],"replies":[{"embeddable":true,"href":"https:\/\/alia.public.lu\/en\/wp-json\/wp\/v2\/comments?post=6639"}],"version-history":[{"count":11,"href":"https:\/\/alia.public.lu\/en\/wp-json\/wp\/v2\/pages\/6639\/revisions"}],"predecessor-version":[{"id":11632,"href":"https:\/\/alia.public.lu\/en\/wp-json\/wp\/v2\/pages\/6639\/revisions\/11632"}],"up":[{"embeddable":true,"href":"https:\/\/alia.public.lu\/en\/wp-json\/wp\/v2\/pages\/5696"}],"wp:attachment":[{"href":"https:\/\/alia.public.lu\/en\/wp-json\/wp\/v2\/media?parent=6639"}],"curies":[{"name":"wp","href":"https:\/\/api.w.org\/{rel}","templated":true}]}}